{"id":230,"date":"2024-04-15T13:04:33","date_gmt":"2024-04-15T13:04:33","guid":{"rendered":"https:\/\/obrazibleda.si\/2021-melita-vovk\/"},"modified":"2024-05-08T13:40:32","modified_gmt":"2024-05-08T13:40:32","slug":"2021-melita-vovk","status":"publish","type":"page","link":"https:\/\/obrazibleda.si\/en\/2021-melita-vovk\/","title":{"rendered":"2021 MELITA VOVK"},"content":{"rendered":"<p>[et_pb_section fb_built=&#8221;1&#8243; _builder_version=&#8221;4.24.2&#8243; _module_preset=&#8221;default&#8221; global_colors_info=&#8221;{}&#8221;][et_pb_row column_structure=&#8221;3_5,2_5&#8243; _builder_version=&#8221;4.24.2&#8243; _module_preset=&#8221;default&#8221; global_colors_info=&#8221;{}&#8221;][et_pb_column type=&#8221;3_5&#8243; _builder_version=&#8221;4.24.2&#8243; _module_preset=&#8221;default&#8221; global_colors_info=&#8221;{}&#8221;][et_pb_text _builder_version=&#8221;4.24.2&#8243; _module_preset=&#8221;default&#8221; link_text_color=&#8221;#BB9449&#8243; animation_style=&#8221;slide&#8221; animation_direction=&#8221;left&#8221; hover_enabled=&#8221;0&#8243; global_colors_info=&#8221;{}&#8221; sticky_enabled=&#8221;0&#8243;]<\/p>\n<h1 class=\"\" data-fontsize=\"54\" data-lineheight=\"62.64px\">IN THE MEDIA<\/h1>\n<p>&nbsp;<\/p>\n<p><a href=\"https:\/\/venopilon.com\/sl\/melita-vovk-osebno-0\">Melita VOVK osebno v Pilonovi galeriji Ajdov\u0161\u010dina, januar 2022<\/a><br \/>\n<a href=\"https:\/\/youtu.be\/flzDq3YaSbk\">BLED.TV, Melita VOVK osebno: pogovor z avtorji knji\u017ene edicije, 27. 7. 2021<\/a><br \/>\n<a href=\"https:\/\/www.facebook.com\/mirko.kunsic\">Mirko Kun\u0161i\u010d, Facebook, Melita Vovk \u2013 \u010debelarka, 15. 7. 2021<\/a><br \/>\n<a href=\"https:\/\/www.youtube.com\/watch?v=iLt6OyiMGdk\">BLED.TV, Pregledna razstava ilustracij Melite Vovk, 5. 7. 2021<\/a><br \/>\n<a href=\"http:\/\/www.gorenjskiglas.si\/article\/20210704\/C\/210709916\/1039\/likovno-umetnost-je-izbrala-ze-kot-otrok-\">Gorenjski Glas, Likovno umetnost je izbrala \u017ee kot otrok, 4. 7. 2021<\/a><br \/>\n<a href=\"https:\/\/www.24ur.com\/novice\/svet\/na-bledu-razstava-umetniskih-del-melite-vovk.html\">24ur.com, Na Bledu razstava umetni\u0161kih del Melite Vovk, 1. 7. 2021<\/a><br \/>\n<a href=\"https:\/\/www.youtube.com\/watch?v=MGBQRNlqtGU\">GTV, Gorenjska poro\u010dila: Razstava Melita Vovk \u2013 osebno, 28. 6. 2021<\/a><br \/>\n<a href=\"https:\/\/www.facebook.com\/mirko.kunsic\">Mirko Kun\u0161i\u010d, Facebook, Melita Vovk osebno \u2013 prolog, 24. 6. 2021<\/a><br \/>\n<a href=\"https:\/\/www.youtube.com\/watch?v=HYHXEmEp0cc\">BLED.TV, Melita VOVK osebno tudi v knji\u017eni izdaji, 24. 6. 2021<\/a><br \/>\n<a href=\"http:\/\/mayimbe.blog.siol.net\/\">Resno, a spro\u0161\u010deno. Blog Marka Jen\u0161terla<\/a><br \/>\n<a href=\"https:\/\/www.dnevnik.si\/1042957353\/Vizualna%20umetnost\/vsestranska-likovna-umetnica-melita-vovk-bi-bila-lahko-tudi-pisateljica\">Dnevnik, 18. 6. 2021<\/a><br \/>\n<a href=\"https:\/\/www.sta.si\/2913554\/na-bledu-celovita-predstavitev-dela-in-zivljenja-umetnice-melite-vovk\">STA, 17. 6. 2021<\/a><br \/>\n<a href=\"http:\/\/www.bled.tv\/melita-vovk-osebno-velika-blejska-razstava\/\">BLED.TV, Melita VOVK osebno, velika blejska razstava, 11. 6. 2021<\/a><br \/>\n<a href=\"https:\/\/www.rtvslo.si\/4d\/arhiv\/174779775?s=tv&amp;t=0\">RTVSLO, 1. program, Slovenska kronika, 31. 5. 2021<\/a><br \/>\n<a href=\"https:\/\/www.mojaobcina.si\/bled\/novice\/melita-vovk-osebno.html\">Bled moja ob\u010dina, 31. 5. 2021<\/a><br \/>\n<a href=\"https:\/\/www.delo.si\/kultura\/vizualna-umetnost\/vsi-smo-od-povsod\/\">Delo, priloga Super 50, \u0161t. 5, leto IX, 28. maj 2021<\/a>[\/et_pb_text][\/et_pb_column][et_pb_column type=&#8221;2_5&#8243; _builder_version=&#8221;4.24.2&#8243; _module_preset=&#8221;default&#8221; global_colors_info=&#8221;{}&#8221;][et_pb_image src=&#8221;https:\/\/obrazibleda.si\/wp-content\/uploads\/2024\/04\/MV_naslovnica_knjigavtisov.jpeg&#8221; title_text=&#8221;MV_naslovnica_knjigavtisov&#8221; url=&#8221;https:\/\/obrazibleda.si\/en\/slavko-oblak\/&#8221; align=&#8221;center&#8221; _builder_version=&#8221;4.24.2&#8243; _module_preset=&#8221;default&#8221; width=&#8221;100%&#8221; module_alignment=&#8221;center&#8221; animation_style=&#8221;slide&#8221; animation_direction=&#8221;right&#8221; global_colors_info=&#8221;{}&#8221;][\/et_pb_image][\/et_pb_column][\/et_pb_row][et_pb_row _builder_version=&#8221;4.24.2&#8243; _module_preset=&#8221;default&#8221; global_colors_info=&#8221;{}&#8221;][et_pb_column type=&#8221;4_4&#8243; _builder_version=&#8221;4.24.2&#8243; _module_preset=&#8221;default&#8221; global_colors_info=&#8221;{}&#8221;][et_pb_text _builder_version=&#8221;4.24.2&#8243; _module_preset=&#8221;default&#8221; link_text_color=&#8221;#BB9449&#8243; animation_style=&#8221;slide&#8221; animation_direction=&#8221;left&#8221; global_colors_info=&#8221;{}&#8221;]<\/p>\n<h1>MELITA VISITING<a href=\"https:\/\/www.delo.si\/kultura\/vizualna-umetnost\/vsi-smo-od-povsod\/\"><\/a><\/h1>\n<h2>VENO PILON GALLERY, AJDOV\u0160\u010cINA<\/h2>\n<p>&nbsp;<br \/>\nSelected works from the exhibition \u2018Melita VOVK osebno\u2019 (Melita Vovk Up Close) were on display at the Veno Pilar Gallery in Ajdov\u0161\u010dina between 14 January and 27 February 2022. A total of 38 works were on display, including her drawings, portraits of Veno Pilon, Whom Melita Vovk portrayed during the time they spent together on her second visit to Paris in 1955. Photographs by Tina Podneb\u0161ek, gallery director.    <\/p>\n<p>On this occasion, the Bled Culture Institute thanks the Veno Pilon Gallery for the invitation and the overall organization of the exhibition.<\/p>\n<p>Website: https:\/\/venopilon.com\/sl\/melita-vovk-osebno-0 (in Slovene language only)[\/et_pb_text][et_pb_gallery gallery_ids=&#8221;154,155,156,157,158,159&#8243; posts_number=&#8221;6&#8243; show_title_and_caption=&#8221;off&#8221; show_pagination=&#8221;off&#8221; zoom_icon_color=&#8221;#BB9449&#8243; hover_icon=&#8221;&#x54;||divi||400&#8243; _builder_version=&#8221;4.24.2&#8243; _module_preset=&#8221;default&#8221; global_colors_info=&#8221;{}&#8221;][\/et_pb_gallery][\/et_pb_column][\/et_pb_row][\/et_pb_section]<\/p>\n","protected":false},"excerpt":{"rendered":"<p>IN THE MEDIA &nbsp; Melita VOVK osebno v Pilonovi galeriji Ajdov\u0161\u010dina, januar 2022 BLED.TV, Melita VOVK osebno: pogovor z avtorji knji\u017ene edicije, 27. 7. 2021 Mirko Kun\u0161i\u010d, Facebook, Melita Vovk \u2013 \u010debelarka, 15. 7. 2021 BLED.TV, Pregledna razstava ilustracij Melite Vovk, 5. 7. 2021 Gorenjski Glas, Likovno umetnost je izbrala \u017ee kot otrok, 4. 7. [&hellip;]<\/p>\n","protected":false},"author":1,"featured_media":0,"parent":0,"menu_order":0,"comment_status":"closed","ping_status":"closed","template":"","meta":{"_et_pb_use_builder":"on","_et_pb_old_content":"","_et_gb_content_width":"","footnotes":""},"class_list":["post-230","page","type-page","status-publish","hentry"],"_links":{"self":[{"href":"https:\/\/obrazibleda.si\/en\/wp-json\/wp\/v2\/pages\/230","targetHints":{"allow":["GET"]}}],"collection":[{"href":"https:\/\/obrazibleda.si\/en\/wp-json\/wp\/v2\/pages"}],"about":[{"href":"https:\/\/obrazibleda.si\/en\/wp-json\/wp\/v2\/types\/page"}],"author":[{"embeddable":true,"href":"https:\/\/obrazibleda.si\/en\/wp-json\/wp\/v2\/users\/1"}],"replies":[{"embeddable":true,"href":"https:\/\/obrazibleda.si\/en\/wp-json\/wp\/v2\/comments?post=230"}],"version-history":[{"count":6,"href":"https:\/\/obrazibleda.si\/en\/wp-json\/wp\/v2\/pages\/230\/revisions"}],"predecessor-version":[{"id":317,"href":"https:\/\/obrazibleda.si\/en\/wp-json\/wp\/v2\/pages\/230\/revisions\/317"}],"wp:attachment":[{"href":"https:\/\/obrazibleda.si\/en\/wp-json\/wp\/v2\/media?parent=230"}],"curies":[{"name":"wp","href":"https:\/\/api.w.org\/{rel}","templated":true}]}}